{"id":20,"date":"2025-11-25T23:44:00","date_gmt":"2025-11-25T22:44:00","guid":{"rendered":"http:\/\/dirxayg.cluster031.hosting.ovh.net\/?page_id=20"},"modified":"2025-12-09T08:28:28","modified_gmt":"2025-12-09T07:28:28","slug":"statuts","status":"publish","type":"page","link":"https:\/\/adeba.fr\/index.php\/statuts\/","title":{"rendered":"Statuts de l&rsquo;association"},"content":{"rendered":"\n<p class=\"has-text-align-center\"><em>version approuv\u00e9e par l\u2019assembl\u00e9e g\u00e9n\u00e9rale du 25\/11\/2025<\/em><\/p>\n\n\n\n<p class=\"has-text-align-center\"><strong>Objet de l\u2019association<\/strong><\/p>\n\n\n\n<p><strong>Article 1<\/strong>&nbsp;: L\u2019association loi 1901 cr\u00e9\u00e9e sous le titre \u00ab&nbsp;Association de D\u00e9fense des Eaux du Bassin d\u2019Arcachon&nbsp;\u00bb ou \u00ab&nbsp;ADEBA&nbsp;\u00bb est ouverte \u00e0 toute personne majeure soucieuse de la qualit\u00e9 des eaux du Bassin d\u2019Arcachon \u00e0 l\u2019exception de celles qui, par leurs fonctions ou leurs actes, pourraient \u00eatre confront\u00e9es \u00e0 un conflit d\u2019int\u00e9r\u00eat avec l\u2019objet de l\u2019association.<\/p>\n\n\n\n<p>Une personne morale peut adh\u00e9rer si son objet est explicitement en faveur de la protection de l\u2019environnement et pleinement compatible avec les buts de l\u2019association.<\/p>\n\n\n\n<p><strong>Article 2 <\/strong>: L\u2019association s\u2019assigne pour buts :<\/p>\n\n\n\n<p>\u2013 de mettre en \u0153uvre tous les moyens l\u00e9gaux pour lutter contre l\u2019alt\u00e9ration des eaux du Bassin d\u2019Arcachon,<br>\u2013 de veiller aux cons\u00e9quences directes et indirectes du d\u00e9veloppement de toute activit\u00e9 anthropique dans le p\u00e9rim\u00e8tre du bassin versant du Bassin d\u2019Arcachon et sur le Bassin d\u2019Arcachon lui-m\u00eame,<br>\u2013 de d\u00e9noncer aux autorit\u00e9s comp\u00e9tentes toute infraction ou d\u00e9lit susceptible de porter atteinte \u00e0 l\u2019int\u00e9grit\u00e9 des eaux du Bassin d\u2019Arcachon et de s\u2019assurer de la mise en \u0153uvre de poursuites et de mesures de gestion.<\/p>\n\n\n\n<p><strong>Article 3<\/strong>&nbsp;: L\u2019association peut soutenir ou s\u2019associer \u00e0 toute action satisfaisant l\u2019article 2, ou visant \u00e0 am\u00e9liorer la qualit\u00e9 des eaux du Bassin d\u2019Arcachon.<\/p>\n\n\n\n<p><strong>Article 4<\/strong>\u00a0: Le si\u00e8ge social de l\u2019association est \u00e0 5 Port de Meyran Cidex, 33470 Gujan-Mestras. Sa dur\u00e9e est illimit\u00e9e.<\/p>\n\n\n\n<p class=\"has-text-align-center\"><strong>Administration et fonctionnement<\/strong><\/p>\n\n\n\n<p><strong>Article 5<\/strong>&nbsp;: L\u2019association est administr\u00e9e par un conseil d\u2019administration de 7 \u00e0 12 membres, personnes physiques, \u00e9lus par l\u2019assembl\u00e9e g\u00e9n\u00e9rale pour une dur\u00e9e de 2 ans.<\/p>\n\n\n\n<p><strong>Article 6<\/strong>&nbsp;: Le conseil d\u2019administration est comp\u00e9tent pour d\u00e9cider d\u2019ester en justice dans le cadre de l\u2019article 2 ou pour d\u00e9fendre les int\u00e9r\u00eats mat\u00e9riels ou moraux de l\u2019association. Il veille \u00e0 l\u2019application de l\u2019article 1 lors de toute adh\u00e9sion, renouvellement d\u2019adh\u00e9sion et lors de risques de conflit d\u2019int\u00e9r\u00eats.<\/p>\n\n\n\n<p><strong>Article 7<\/strong>&nbsp;: Le conseil d\u2019administration \u00e9lit en son sein le bureau compos\u00e9 d\u2019un pr\u00e9sident, d\u2019un secr\u00e9taire, d\u2019un tr\u00e9sorier, et le cas \u00e9ch\u00e9ant d\u2019un secr\u00e9taire adjoint et d\u2019un tr\u00e9sorier adjoint, cette liste n\u2019\u00e9tant pas limitative.<\/p>\n\n\n\n<p><strong>Article 8<\/strong>&nbsp;: Le bureau se r\u00e9unit r\u00e9guli\u00e8rement, exp\u00e9die les affaires courantes, examine les affaires en cours et veille \u00e0 l\u2019application des d\u00e9cisions prises par le conseil.<\/p>\n\n\n\n<p><strong>Article 9<\/strong>&nbsp;: Le conseil d\u2019administration se r\u00e9unit toutes les fois que les circonstances l\u2019exigent, sur l\u2019initiative du pr\u00e9sident ou \u00e0 la demande d\u2019un membre du conseil d\u2019administration, cette demande devant \u00eatre adress\u00e9e au pr\u00e9sident.<\/p>\n\n\n\n<p><strong>Article 10<\/strong>&nbsp;: Le pr\u00e9sident convoque les membres de l\u2019association \u00e0 une assembl\u00e9e g\u00e9n\u00e9rale ordinaire une fois par an, ou \u00e0 une assembl\u00e9e g\u00e9n\u00e9rale extraordinaire toutes les fois que les circonstances l\u2019exigent. La date et l\u2019ordre du jour seront port\u00e9s \u00e0 la connaissance des adh\u00e9rents 15 jours avant la r\u00e9union.<\/p>\n\n\n\n<p><strong>Article 11<\/strong>&nbsp;: Au cours des diverses assembl\u00e9es g\u00e9n\u00e9rales ordinaires ou extraordinaires, les votes sont acquis \u00e0 main lev\u00e9e \u00e0 la majorit\u00e9 des membres pr\u00e9sents ou repr\u00e9sent\u00e9s. Seuls les membres \u00e0 jour de leur cotisation peuvent voter. Les membres absents peuvent voter par procuration en donnant pouvoir \u00e0 un autre membre, chaque membre ne pouvant \u00eatre porteur de plus de deux pouvoirs. L\u2019assembl\u00e9e g\u00e9n\u00e9rale ne peut valablement d\u00e9lib\u00e9rer que si les membres pr\u00e9sents ou repr\u00e9sent\u00e9s repr\u00e9sentent un quorum du tiers du nombre total d\u2019adh\u00e9rents.<\/p>\n\n\n\n<p>Dans le cas o\u00f9 les conditions de quorum ne sont pas remplies, une seconde assembl\u00e9e g\u00e9n\u00e9rale&nbsp;sera convoqu\u00e9e, avec le m\u00eame ordre du jour, et pourra valablement d\u00e9lib\u00e9rer \u00e0 la majorit\u00e9 des membres pr\u00e9sents ou repr\u00e9sent\u00e9s sans condition de quorum.<\/p>\n\n\n\n<p><strong>Article 12<\/strong>&nbsp;: Toutes les fonctions administratives \u00e0 l\u2019int\u00e9rieur de l\u2019association sont gratuites. L\u2019assemble g\u00e9n\u00e9rale est seule habilit\u00e9e \u00e0 d\u00e9cider l\u2019attribution \u00e9ventuelle d\u2019une indemnit\u00e9.<\/p>\n\n\n\n<p><strong>Article 13&nbsp;<\/strong>: Tous les deux ans, il sera proc\u00e9d\u00e9 au renouvellement du conseil d\u2019administration. Les membres sont r\u00e9\u00e9ligibles. Les vacances, d\u00e9c\u00e8s ou d\u00e9missions sont remplac\u00e9s au cours de la prochaine assembl\u00e9e g\u00e9n\u00e9rale.<\/p>\n\n\n\n<p><strong>Article 14<\/strong>&nbsp;: Chaque membre de l\u2019association s\u2019engage \u00e0 informer le conseil de tout \u00e9v\u00e8nement port\u00e9 \u00e0 sa connaissance susceptible de justifier l\u2019application de l\u2019article 2.<\/p>\n\n\n\n<p class=\"has-text-align-center\"><strong>Attribution du bureau<\/strong><\/p>\n\n\n\n<p><strong>Article 15<\/strong>&nbsp;: Le pr\u00e9sident dirige le bon fonctionnement de l\u2019assembl\u00e9e. Il pr\u00e9side les s\u00e9ances, proclame les votes, repr\u00e9sente l\u2019association en toute circonstance. Il peut d\u00e9l\u00e9guer tout ou partie de ses pouvoirs au membre du bureau d\u00e9sign\u00e9 par lui.<\/p>\n\n\n\n<p><strong>Article 16<\/strong>&nbsp;: Le secr\u00e9taire adresse les convocations aux adh\u00e9rents et r\u00e9dige les proc\u00e8s-verbaux des r\u00e9unions.<\/p>\n\n\n\n<p><strong>Article 17<\/strong>&nbsp;: Le tr\u00e9sorier per\u00e7oit les cotisations des adh\u00e9rents, encaisse les subventions, r\u00e8gle les d\u00e9penses et tient une comptabilit\u00e9 r\u00e9guli\u00e8re.<\/p>\n\n\n\n<p class=\"has-text-align-center\"><strong>Finances<\/strong><\/p>\n\n\n\n<p><strong>Article 18<\/strong>&nbsp;: La cotisation est fix\u00e9e par l\u2019assembl\u00e9e g\u00e9n\u00e9rale. Diverses subventions d\u2019organismes ou collectivit\u00e9s publiques pourront \u00e9galement \u00eatre sollicit\u00e9es.<\/p>\n\n\n\n<p><strong>Article 19<\/strong>&nbsp;: Ces divers fonds collect\u00e9s servent \u00e0 couvrir les d\u00e9penses et frais d\u2019administration r\u00e9sultants de l\u2019activit\u00e9 de l\u2019association.<\/p>\n\n\n\n<p class=\"has-text-align-center\">&#8212;&#8212;&#8212;&#8212;&#8212;&#8212;-<\/p>\n\n\n\n<p><strong>Article 20<\/strong>&nbsp;: Toute discussion politique ou religieuse est formellement bannie au sein de l\u2019association. L\u2019exclusion peut \u00eatre prononc\u00e9e contre tout adh\u00e9rent contrevenant au pr\u00e9sent statut apr\u00e8s d\u00e9cision du conseil d\u2019administration.<\/p>\n\n\n\n<p><strong>Article 21<\/strong>&nbsp;: La dissolution ne pourra \u00eatre prononc\u00e9e que par une assembl\u00e9e g\u00e9n\u00e9rale r\u00e9unissant les 2\/3 des adh\u00e9rents, ou bien le quorum n\u2019\u00e9tant pas atteint, au cours de la seconde assembl\u00e9e dans la quinzaine qui suit, et \u00e0 la majorit\u00e9 des voix exprim\u00e9es par les membres pr\u00e9sents ou repr\u00e9sent\u00e9s. La d\u00e9volution des biens sera fix\u00e9e par le conseil d\u2019administration.<\/p>\n\n\n\n<p><\/p>\n","protected":false},"excerpt":{"rendered":"<p>version approuv\u00e9e par l\u2019assembl\u00e9e g\u00e9n\u00e9rale du 25\/11\/2025 Objet de l\u2019association Article 1&nbsp;: L\u2019association loi 1901 cr\u00e9\u00e9e sous le titre \u00ab&nbsp;Association de D\u00e9fense des Eaux du Bassin d\u2019Arcachon&nbsp;\u00bb ou \u00ab&nbsp;ADEBA&nbsp;\u00bb est ouverte \u00e0 toute personne majeure soucieuse de la qualit\u00e9 des &hellip; <a href=\"https:\/\/adeba.fr\/index.php\/statuts\/\">Continuer la lecture <span class=\"meta-nav\">&rarr;<\/span><\/a><\/p>\n","protected":false},"author":1,"featured_media":0,"parent":0,"menu_order":0,"comment_status":"closed","ping_status":"closed","template":"","meta":{"footnotes":""},"class_list":["post-20","page","type-page","status-publish","hentry"],"_links":{"self":[{"href":"https:\/\/adeba.fr\/index.php\/wp-json\/wp\/v2\/pages\/20","targetHints":{"allow":["GET"]}}],"collection":[{"href":"https:\/\/adeba.fr\/index.php\/wp-json\/wp\/v2\/pages"}],"about":[{"href":"https:\/\/adeba.fr\/index.php\/wp-json\/wp\/v2\/types\/page"}],"author":[{"embeddable":true,"href":"https:\/\/adeba.fr\/index.php\/wp-json\/wp\/v2\/users\/1"}],"replies":[{"embeddable":true,"href":"https:\/\/adeba.fr\/index.php\/wp-json\/wp\/v2\/comments?post=20"}],"version-history":[{"count":9,"href":"https:\/\/adeba.fr\/index.php\/wp-json\/wp\/v2\/pages\/20\/revisions"}],"predecessor-version":[{"id":507,"href":"https:\/\/adeba.fr\/index.php\/wp-json\/wp\/v2\/pages\/20\/revisions\/507"}],"wp:attachment":[{"href":"https:\/\/adeba.fr\/index.php\/wp-json\/wp\/v2\/media?parent=20"}],"curies":[{"name":"wp","href":"https:\/\/api.w.org\/{rel}","templated":true}]}}