{"id":18,"date":"2023-06-05T10:43:00","date_gmt":"2023-06-05T08:43:00","guid":{"rendered":"http:\/\/dirxayg.cluster031.hosting.ovh.net\/?page_id=18"},"modified":"2025-12-09T08:24:06","modified_gmt":"2025-12-09T07:24:06","slug":"objet","status":"publish","type":"page","link":"https:\/\/adeba.fr\/index.php\/objet\/","title":{"rendered":"Historique de l&rsquo;association"},"content":{"rendered":"\n<p>Au d\u00e9but des ann\u00e9es 1960, les 3000 ostr\u00e9iculteur que compte alors le Bassin se mobilisent contre la pollution des eaux du Bassin par les rejets de la papeterie de Facture. Cette derni\u00e8re rejette ses eaux de process tr\u00e8s pollu\u00e9es directement dans la Leyre, et les fonds du Bassin sont brul\u00e9s par ces rejets.<\/p>\n\n\n\n<p>L\u2019ADEBA est cr\u00e9\u00e9e d\u00e9but 1964 pour f\u00e9d\u00e9rer cette mobilisation et conduire l\u2019action contre le pollueur qui est attaqu\u00e9 en justice et condamn\u00e9.<\/p>\n\n\n\n<p>En m\u00eame temps, les services de l\u2019\u00e9tat et les \u00e9lus \u00e9tudient, sous la conduite du pr\u00e9fet, une solution technique efficace pour faire cesser cette pollution. Cette solution, le ceinturage du Bassin par un collecteur recueillant toutes les eaux us\u00e9es, industrielles et urbaines, et leur traitement avant rejet \u00e0 l\u2019oc\u00e9an, selon le principe du \u00ab\u00a0z\u00e9ro rejet dans le Bassin\u00a0\u00bb, sera progressivement mise en \u0153uvre et a montr\u00e9 son efficacit\u00e9.<\/p>\n\n\n\n<p>Mais le Bassin est aussi victime de nombreuses autres sources de pollution. Ainsi l\u2019ADEBA a particip\u00e9 activement, par exemple, \u00e0 la lutte contre le clapage des s\u00e9diments de curage du port d\u2019Arcachon, ou contre l\u2019utilisation du TBT, particuli\u00e8rement toxique pour les hu\u00eetres, dans les peintures antifouling.<\/p>\n\n\n\n<p>Aujourd\u2019hui, l\u2019ADEBA reste tr\u00e8s pr\u00e9occup\u00e9e par les cons\u00e9quences du d\u00e9veloppement de l\u2019urbanisation du Bassin (rejets, par le r\u00e9seau pluvial, des produits utilis\u00e9s pour la construction et l\u2019entretien des b\u00e2timents, des r\u00e9sidus des v\u00e9hicules, \u2026), du motonautisme (produits p\u00e9troliers, peintures antisalissures, surfr\u00e9quentation du plan d\u2019eau), des apports diffus du bassin versant (phytosanitaires, \u2026) et m\u00e8ne sur ces sujets une veille active.<\/p>\n\n\n\n<p>Un autre probl\u00e8me devient de plus en plus pr\u00e9gnant : la saturation du r\u00e9seau des eaux us\u00e9es, et son d\u00e9bordement qui vient polluer les eaux du Bassin. L&rsquo;ADEBA se bat contre la cause premi\u00e8re de ce probl\u00e8me, qui est la mauvaise gestion du r\u00e9seau pluvial : depuis des d\u00e9cennies les collectivit\u00e9s misent sur la capacit\u00e9 d&rsquo;infiltration du sol, alors que la nappe est affleurante ; dans le m\u00eame temps, elles ont n\u00e9glig\u00e9 les foss\u00e9s, crastes et ruisseau dont la capacit\u00e9 d&rsquo;\u00e9coulement a \u00e9t\u00e9 fortement r\u00e9duite avec l&rsquo;urbanisation. L&rsquo;importance des d\u00e9bordements d&rsquo;eaux us\u00e9es lors de l&rsquo;hiver 2023-2024 et leurs cons\u00e9quences dramatiques (contamination des hu\u00eetres aux norovirus, \u00e9pid\u00e9mies de gastro ent\u00e9rite, crise ostr\u00e9icole) ont conduit l&rsquo;ADEBA \u00e0 engager des actions en justice pour exiger que le probl\u00e8me soit correctement trait\u00e9.<\/p>\n","protected":false},"excerpt":{"rendered":"<p>Au d\u00e9but des ann\u00e9es 1960, les 3000 ostr\u00e9iculteur que compte alors le Bassin se mobilisent contre la pollution des eaux du Bassin par les rejets de la papeterie de Facture. Cette derni\u00e8re rejette ses eaux de process tr\u00e8s pollu\u00e9es directement &hellip; <a href=\"https:\/\/adeba.fr\/index.php\/objet\/\">Continuer la lecture <span class=\"meta-nav\">&rarr;<\/span><\/a><\/p>\n","protected":false},"author":1,"featured_media":0,"parent":0,"menu_order":0,"comment_status":"closed","ping_status":"closed","template":"","meta":{"footnotes":""},"class_list":["post-18","page","type-page","status-publish","hentry"],"_links":{"self":[{"href":"https:\/\/adeba.fr\/index.php\/wp-json\/wp\/v2\/pages\/18","targetHints":{"allow":["GET"]}}],"collection":[{"href":"https:\/\/adeba.fr\/index.php\/wp-json\/wp\/v2\/pages"}],"about":[{"href":"https:\/\/adeba.fr\/index.php\/wp-json\/wp\/v2\/types\/page"}],"author":[{"embeddable":true,"href":"https:\/\/adeba.fr\/index.php\/wp-json\/wp\/v2\/users\/1"}],"replies":[{"embeddable":true,"href":"https:\/\/adeba.fr\/index.php\/wp-json\/wp\/v2\/comments?post=18"}],"version-history":[{"count":4,"href":"https:\/\/adeba.fr\/index.php\/wp-json\/wp\/v2\/pages\/18\/revisions"}],"predecessor-version":[{"id":506,"href":"https:\/\/adeba.fr\/index.php\/wp-json\/wp\/v2\/pages\/18\/revisions\/506"}],"wp:attachment":[{"href":"https:\/\/adeba.fr\/index.php\/wp-json\/wp\/v2\/media?parent=18"}],"curies":[{"name":"wp","href":"https:\/\/api.w.org\/{rel}","templated":true}]}}